{"id":30312,"date":"2019-08-07T16:19:39","date_gmt":"2019-08-07T14:19:39","guid":{"rendered":"https:\/\/czechiacontract.com\/?page_id=30312"},"modified":"2022-03-26T11:41:53","modified_gmt":"2022-03-26T10:41:53","slug":"pneumatiky","status":"publish","type":"page","link":"https:\/\/czechiacontract.com\/cs\/produkty\/pneumatiky\/","title":{"rendered":"Pneumatiky"},"content":{"rendered":"<div class=\"wpb-content-wrapper\"><p>[vc_row][vc_column][vc_column_text]<\/p>\n<h2 style=\"letter-spacing: 0.01em;\">Pneumatiky pro osobn\u00ed i n\u00e1kladn\u00ed dopravu<\/h2>\n<p>Roz\u0161i\u0159ujeme sortiment o pneumatiky pro osobn\u00ed a n\u00e1kladn\u00ed automobily. Nab\u00edz\u00edme produkty zna\u010dek s dlouhou tradic\u00ed a souhrn v\u00fdrobk\u016f pokr\u00fdvaj\u00edc\u00ed v\u0161echny segmenty. Do portfolia pat\u0159\u00ed jak v\u00fd\u0161e uveden\u00e9 pneumatiky, tak i specializovan\u00e9 u\u017eitkov\u00e9 pneumatiky.<\/p>\n<p>Na trz\u00edch st\u0159edn\u00edho a bl\u00edzk\u00e9ho v\u00fdchodu neust\u00e1le roste popt\u00e1vka po kvalitn\u00edm evropsk\u00e9m zbo\u017e\u00ed. Pokud byste i Vy cht\u011bli naj\u00edt odb\u011bratele v tomto regionu, m\u00e1te p\u0159\u00edle\u017eitost.[\/vc_column_text][\/vc_column][\/vc_row][vc_row][vc_column][vc_raw_html][\/vc_raw_html][\/vc_column][\/vc_row][vc_row content_placement=&#8220;middle&#8220;][vc_column width=&#8220;1\/6&#8243;][\/vc_column][vc_column width=&#8220;2\/3&#8243;][vc_raw_html]JTVCZWxmc2lnaHRfcGRmX2VtYmVkJTIwaWQlM0QlMjI2JTIyJTVE[\/vc_raw_html][\/vc_column][vc_column width=&#8220;1\/6&#8243;][\/vc_column][\/vc_row]<\/p>\n<\/div>","protected":false},"excerpt":{"rendered":"<p>[vc_row][vc_column][vc_column_text] Pneumatiky pro osobn\u00ed i n\u00e1kladn\u00ed dopravu Roz\u0161i\u0159ujeme sortiment o&#8230;<\/p>\n","protected":false},"author":1,"featured_media":0,"parent":3965,"menu_order":9,"comment_status":"closed","ping_status":"closed","template":"","meta":{"passster_activate_protection":false,"passster_protect_child_pages":"","passster_protection_type":"password","passster_password":"","passster_activate_overwrite_defaults":"","passster_headline":"","passster_instruction":"","passster_placeholder":"","passster_button":"","passster_id":"","passster_activate_misc_settings":"","passster_redirect_url":"","passster_hide":"no","passster_area_shortcode":"","footnotes":""},"class_list":["post-30312","page","type-page","status-publish"],"_links":{"self":[{"href":"https:\/\/czechiacontract.com\/cs\/wp-json\/wp\/v2\/pages\/30312","targetHints":{"allow":["GET"]}}],"collection":[{"href":"https:\/\/czechiacontract.com\/cs\/wp-json\/wp\/v2\/pages"}],"about":[{"href":"https:\/\/czechiacontract.com\/cs\/wp-json\/wp\/v2\/types\/page"}],"author":[{"embeddable":true,"href":"https:\/\/czechiacontract.com\/cs\/wp-json\/wp\/v2\/users\/1"}],"replies":[{"embeddable":true,"href":"https:\/\/czechiacontract.com\/cs\/wp-json\/wp\/v2\/comments?post=30312"}],"version-history":[{"count":0,"href":"https:\/\/czechiacontract.com\/cs\/wp-json\/wp\/v2\/pages\/30312\/revisions"}],"up":[{"embeddable":true,"href":"https:\/\/czechiacontract.com\/cs\/wp-json\/wp\/v2\/pages\/3965"}],"wp:attachment":[{"href":"https:\/\/czechiacontract.com\/cs\/wp-json\/wp\/v2\/media?parent=30312"}],"curies":[{"name":"wp","href":"https:\/\/api.w.org\/{rel}","templated":true}]}}