{"id":30311,"date":"2019-08-07T16:19:24","date_gmt":"2019-08-07T14:19:24","guid":{"rendered":"https:\/\/czechiacontract.com\/?page_id=30311"},"modified":"2022-03-26T11:41:54","modified_gmt":"2022-03-26T10:41:54","slug":"oleje-a-maziva","status":"publish","type":"page","link":"https:\/\/czechiacontract.com\/cs\/produkty\/oleje-a-maziva\/","title":{"rendered":"Oleje a maziva"},"content":{"rendered":"<div class=\"wpb-content-wrapper\"><p>[vc_row][vc_column][vc_column_text]<\/p>\n<h2 style=\"letter-spacing: 0.01em;\">Oleje motorov\u00e9, p\u0159evodov\u00e9, pr\u016fmyslov\u00e9 \u2026<\/h2>\n<p>Aktu\u00e1ln\u011b jsme roz\u0161\u00ed\u0159ili sortiment o nab\u00eddku motorov\u00fdch, p\u0159evodov\u00fdch a pr\u016fmyslov\u00fdch olej\u016f. M\u016f\u017eeme v\u00e1m nab\u00eddnout dod\u00e1vky olej\u016f, maziv a speci\u00e1ln\u00edch produkt\u016f pro pr\u016fmyslov\u00e9 z\u00e1vody a dopravn\u00ed firmy. Mezi pr\u016fmyslov\u00e1 maziva \u0159ad\u00edme i velmi specificky zam\u011b\u0159en\u00e9 produkty typu medicin\u00e1ln\u00edch b\u00edl\u00fdch olej\u016f t\u00e9 nejvy\u0161\u0161\u00ed \u010distoty nebo vysokoviskozn\u00ed v\u00e1lcov\u00e9 oleje ur\u010den\u00e9 pro \u0161nekov\u00e9 p\u0159evody a parn\u00ed stroje.[\/vc_column_text][\/vc_column][\/vc_row][vc_row][vc_column][vc_raw_html]JTVCbW9kdWxhJTIwaWQlM0QlMjIzMDQwOSUyMiU1RA==[\/vc_raw_html][\/vc_column][\/vc_row][vc_row content_placement=&#8220;middle&#8220;][vc_column width=&#8220;1\/6&#8243;][\/vc_column][vc_column width=&#8220;2\/3&#8243;][vc_raw_html]JTVCZWxmc2lnaHRfcGRmX2VtYmVkJTIwaWQlM0QlMjI1JTIyJTVE[\/vc_raw_html][\/vc_column][vc_column width=&#8220;1\/6&#8243;][\/vc_column][\/vc_row]<\/p>\n<\/div>","protected":false},"excerpt":{"rendered":"<p>[vc_row][vc_column][vc_column_text] Oleje motorov\u00e9, p\u0159evodov\u00e9, pr\u016fmyslov\u00e9 \u2026 Aktu\u00e1ln\u011b jsme roz\u0161\u00ed\u0159ili sortiment&#8230;<\/p>\n","protected":false},"author":1,"featured_media":0,"parent":3965,"menu_order":7,"comment_status":"closed","ping_status":"closed","template":"","meta":{"passster_activate_protection":false,"passster_protect_child_pages":"","passster_protection_type":"password","passster_password":"","passster_activate_overwrite_defaults":"","passster_headline":"","passster_instruction":"","passster_placeholder":"","passster_button":"","passster_id":"","passster_activate_misc_settings":"","passster_redirect_url":"","passster_hide":"no","passster_area_shortcode":"","footnotes":""},"class_list":["post-30311","page","type-page","status-publish"],"_links":{"self":[{"href":"https:\/\/czechiacontract.com\/cs\/wp-json\/wp\/v2\/pages\/30311","targetHints":{"allow":["GET"]}}],"collection":[{"href":"https:\/\/czechiacontract.com\/cs\/wp-json\/wp\/v2\/pages"}],"about":[{"href":"https:\/\/czechiacontract.com\/cs\/wp-json\/wp\/v2\/types\/page"}],"author":[{"embeddable":true,"href":"https:\/\/czechiacontract.com\/cs\/wp-json\/wp\/v2\/users\/1"}],"replies":[{"embeddable":true,"href":"https:\/\/czechiacontract.com\/cs\/wp-json\/wp\/v2\/comments?post=30311"}],"version-history":[{"count":0,"href":"https:\/\/czechiacontract.com\/cs\/wp-json\/wp\/v2\/pages\/30311\/revisions"}],"up":[{"embeddable":true,"href":"https:\/\/czechiacontract.com\/cs\/wp-json\/wp\/v2\/pages\/3965"}],"wp:attachment":[{"href":"https:\/\/czechiacontract.com\/cs\/wp-json\/wp\/v2\/media?parent=30311"}],"curies":[{"name":"wp","href":"https:\/\/api.w.org\/{rel}","templated":true}]}}