{"id":30310,"date":"2019-08-07T16:19:08","date_gmt":"2019-08-07T14:19:08","guid":{"rendered":"https:\/\/czechiacontract.com\/?page_id=30310"},"modified":"2022-03-26T11:41:54","modified_gmt":"2022-03-26T10:41:54","slug":"loziska","status":"publish","type":"page","link":"https:\/\/czechiacontract.com\/cs\/produkty\/loziska\/","title":{"rendered":"Lo\u017eiska"},"content":{"rendered":"<div class=\"wpb-content-wrapper\"><p>[vc_row][vc_column][vc_column_text]<\/p>\n<h2>LO\u017dISKA<\/h2>\n<p>Rota\u010dn\u00ed, line\u00e1rn\u00ed, kluzn\u00e1, pneumatick\u00e1, hydraulick\u00e1, valiv\u00e1, magnetick\u00e1, axi\u00e1ln\u00ed \u2026<br \/>\nLo\u017eiska pro r\u016fzn\u00e9 segmenty pr\u016fmyslu. Nap\u0159\u00edklad pou\u017e\u00edvan\u00e9 v ulo\u017een\u00ed agreg\u00e1t\u016f motorov\u00fdch vozidel, pro z\u00e1kazn\u00edky ve stroj\u00edrenstv\u00ed, distributory v n\u00e1hradn\u00ed spot\u0159eb\u011b, pro n\u00e1pravy a trak\u010dn\u00ed motory, atp. Nab\u00edz\u00edme lo\u017eiska pro \u0161irok\u00e9 spektrum pou\u017eit\u00ed a zpracov\u00e1n\u00edm zam\u011b\u0159en\u00e9 na z\u00e1kazn\u00edky o\u010dek\u00e1vaj\u00edc\u00ed nejvy\u0161\u0161\u00ed kvalitu v\u00fdroby.<br \/>\nKompletn\u00ed sortiment zbo\u017e\u00ed V\u00e1m za\u0161leme na vy\u017e\u00e1d\u00e1n\u00ed.[\/vc_column_text][\/vc_column][\/vc_row][vc_row][vc_column][vc_raw_html]JTVCbW9kdWxhJTIwaWQlM0QlMjIzMDI2NCUyMiU1RA==[\/vc_raw_html][\/vc_column][\/vc_row][vc_row content_placement=&#8220;middle&#8220;][vc_column width=&#8220;1\/2&#8243;][vc_raw_html]JTVCZWxmc2lnaHRfcGRmX2VtYmVkJTIwaWQlM0QlMjI3JTIyJTVE[\/vc_raw_html][\/vc_column][vc_column width=&#8220;1\/2&#8243;][vc_raw_html]JTVCZWxmc2lnaHRfcGRmX2VtYmVkJTIwaWQlM0QlMjI4JTIyJTVE[\/vc_raw_html][\/vc_column][\/vc_row][vc_row][vc_column][vc_column_text]<\/p>\n<div class=\"styled-subtitle\">Kompletn\u00ed sortiment zbo\u017e\u00ed V\u00e1m za\u0161leme na vy\u017e\u00e1d\u00e1n\u00ed.<\/div>\n<p>[\/vc_column_text][vc_empty_space][\/vc_column][\/vc_row]<\/p>\n<\/div>","protected":false},"excerpt":{"rendered":"<p>[vc_row][vc_column][vc_column_text] LO\u017dISKA Rota\u010dn\u00ed, line\u00e1rn\u00ed, kluzn\u00e1, pneumatick\u00e1, hydraulick\u00e1, valiv\u00e1, magnetick\u00e1, axi\u00e1ln\u00ed&#8230;<\/p>\n","protected":false},"author":1,"featured_media":0,"parent":3965,"menu_order":5,"comment_status":"closed","ping_status":"closed","template":"","meta":{"passster_activate_protection":false,"passster_protect_child_pages":"","passster_protection_type":"password","passster_password":"","passster_activate_overwrite_defaults":"","passster_headline":"","passster_instruction":"","passster_placeholder":"","passster_button":"","passster_id":"","passster_activate_misc_settings":"","passster_redirect_url":"","passster_hide":"no","passster_area_shortcode":"","footnotes":""},"class_list":["post-30310","page","type-page","status-publish"],"_links":{"self":[{"href":"https:\/\/czechiacontract.com\/cs\/wp-json\/wp\/v2\/pages\/30310","targetHints":{"allow":["GET"]}}],"collection":[{"href":"https:\/\/czechiacontract.com\/cs\/wp-json\/wp\/v2\/pages"}],"about":[{"href":"https:\/\/czechiacontract.com\/cs\/wp-json\/wp\/v2\/types\/page"}],"author":[{"embeddable":true,"href":"https:\/\/czechiacontract.com\/cs\/wp-json\/wp\/v2\/users\/1"}],"replies":[{"embeddable":true,"href":"https:\/\/czechiacontract.com\/cs\/wp-json\/wp\/v2\/comments?post=30310"}],"version-history":[{"count":0,"href":"https:\/\/czechiacontract.com\/cs\/wp-json\/wp\/v2\/pages\/30310\/revisions"}],"up":[{"embeddable":true,"href":"https:\/\/czechiacontract.com\/cs\/wp-json\/wp\/v2\/pages\/3965"}],"wp:attachment":[{"href":"https:\/\/czechiacontract.com\/cs\/wp-json\/wp\/v2\/media?parent=30310"}],"curies":[{"name":"wp","href":"https:\/\/api.w.org\/{rel}","templated":true}]}}