{"id":30309,"date":"2019-08-07T16:18:54","date_gmt":"2019-08-07T14:18:54","guid":{"rendered":"https:\/\/czechiacontract.com\/?page_id=30309"},"modified":"2023-03-07T20:39:28","modified_gmt":"2023-03-07T19:39:28","slug":"cerpadla","status":"publish","type":"page","link":"https:\/\/czechiacontract.com\/cs\/produkty\/cerpadla\/","title":{"rendered":"\u010cerpadla"},"content":{"rendered":"<div class=\"wpb-content-wrapper\"><p>[vc_row][vc_column][vc_column_text]<\/p>\n<h2 style=\"letter-spacing: 0em;\">VST\u0158IKOVAC\u00cd, POD\u00c1VAC\u00cd, \u0158ADOV\u00c1 &#8230;<\/h2>\n<p>Nab\u00edz\u00edme vst\u0159ikovac\u00ed \u010derpadla pro nejr\u016fzn\u011bj\u0161\u00ed pou\u017eit\u00ed na motorech traktor\u016f a silni\u010dn\u00edch motorov\u00fdch vozidel, pro motory dr\u00e1\u017en\u00ed a lodn\u00ed, pro motory slou\u017e\u00edc\u00ed k pohonu silni\u010dn\u00edch a stavebn\u00edch stroj\u016f, gener\u00e1tor\u016f, i pro motory stacion\u00e1rn\u00ed.<\/p>\n<p>Vst\u0159ikovac\u00ed \u010derpadla kter\u00e1 distribuujeme mohou vst\u0159ikovat do v\u00e1lc\u016f vzn\u011btov\u00fdch motor\u016f jak motorovou naftu, tak po \u00faprav\u00e1ch i benz\u00edn a jin\u00e1 m\u00e9n\u011b hodnotn\u00e1 paliva. R\u016fzn\u00e9 velikosti vst\u0159ikovac\u00edch \u010derpadel mohou b\u00fdt dod\u00e1v\u00e1ny v odli\u0161n\u00e9m proveden\u00ed upev\u0148ovac\u00ed p\u0159\u00edruby, um\u00edst\u011bn\u00ed p\u0159\u00edvodu paliva, mont\u00e1\u017en\u00edho ok\u00e9nka apod. Vst\u0159ikovac\u00ed \u010derpadla nov\u011bj\u0161\u00ed konstrukce mohou b\u00fdt osazov\u00e1na p\u00edsty r\u016fzn\u00fdch pr\u016fm\u011br\u016f a tvar\u016f jejich hlav. To umo\u017e\u0148uje lep\u0161\u00ed startovatelnost vzn\u011btov\u00fdch motor\u016f na pr\u016fb\u011bh ho\u0159en\u00ed paliva. Vhodnou kombinac\u00ed velikosti \u010derpadla, jeho proveden\u00ed a spr\u00e1vnou volbou pr\u016fm\u011bru p\u00edstu, je zaji\u0161t\u011bno optim\u00e1ln\u00ed p\u0159izp\u016fsoben\u00ed vst\u0159ikovac\u00edho \u010derpadla ka\u017ed\u00e9mu vzn\u011btov\u00e9mu motoru.[\/vc_column_text][\/vc_column][\/vc_row][vc_row][vc_column][vc_raw_html]JTVCbW9kdWxhJTIwaWQlM0QlMjIzMDM4NCUyMiU1RA==[\/vc_raw_html][\/vc_column][\/vc_row][vc_row content_placement=&#8220;middle&#8220;][vc_column width=&#8220;1\/6&#8243;][\/vc_column][vc_column width=&#8220;2\/3&#8243;][vc_raw_html]JTVCZWxmc2lnaHRfcGRmX2VtYmVkJTIwaWQlM0QlMjIzJTIyJTVE[\/vc_raw_html][\/vc_column][vc_column width=&#8220;1\/6&#8243;][\/vc_column][\/vc_row]<\/p>\n<\/div>","protected":false},"excerpt":{"rendered":"<p>[vc_row][vc_column][vc_column_text] VST\u0158IKOVAC\u00cd, POD\u00c1VAC\u00cd, \u0158ADOV\u00c1 &#8230; Nab\u00edz\u00edme vst\u0159ikovac\u00ed \u010derpadla pro nejr\u016fzn\u011bj\u0161\u00ed&#8230;<\/p>\n","protected":false},"author":1,"featured_media":0,"parent":3965,"menu_order":3,"comment_status":"closed","ping_status":"closed","template":"","meta":{"passster_activate_protection":null,"passster_protect_child_pages":"","passster_protection_type":"password","passster_password":"","passster_activate_overwrite_defaults":"","passster_headline":"","passster_instruction":"","passster_placeholder":"","passster_button":"","passster_id":"","passster_activate_misc_settings":"","passster_redirect_url":"","passster_hide":"no","passster_area_shortcode":"","footnotes":""},"class_list":["post-30309","page","type-page","status-publish"],"_links":{"self":[{"href":"https:\/\/czechiacontract.com\/cs\/wp-json\/wp\/v2\/pages\/30309","targetHints":{"allow":["GET"]}}],"collection":[{"href":"https:\/\/czechiacontract.com\/cs\/wp-json\/wp\/v2\/pages"}],"about":[{"href":"https:\/\/czechiacontract.com\/cs\/wp-json\/wp\/v2\/types\/page"}],"author":[{"embeddable":true,"href":"https:\/\/czechiacontract.com\/cs\/wp-json\/wp\/v2\/users\/1"}],"replies":[{"embeddable":true,"href":"https:\/\/czechiacontract.com\/cs\/wp-json\/wp\/v2\/comments?post=30309"}],"version-history":[{"count":0,"href":"https:\/\/czechiacontract.com\/cs\/wp-json\/wp\/v2\/pages\/30309\/revisions"}],"up":[{"embeddable":true,"href":"https:\/\/czechiacontract.com\/cs\/wp-json\/wp\/v2\/pages\/3965"}],"wp:attachment":[{"href":"https:\/\/czechiacontract.com\/cs\/wp-json\/wp\/v2\/media?parent=30309"}],"curies":[{"name":"wp","href":"https:\/\/api.w.org\/{rel}","templated":true}]}}