{"id":30308,"date":"2019-08-07T16:18:41","date_gmt":"2019-08-07T14:18:41","guid":{"rendered":"https:\/\/czechiacontract.com\/?page_id=30308"},"modified":"2022-04-04T13:02:17","modified_gmt":"2022-04-04T11:02:17","slug":"vstrikovace","status":"publish","type":"page","link":"https:\/\/czechiacontract.com\/cs\/produkty\/vstrikovace\/","title":{"rendered":"Vst\u0159ikova\u010de"},"content":{"rendered":"<div class=\"wpb-content-wrapper\"><p>[vc_row][vc_column][vc_column_text]<\/p>\n<h2 style=\"letter-spacing: 0em;\">Vst\u0159ikovac\u00ed trysky, v\u00fdtla\u010dn\u00e9 ventily &#8230;<\/h2>\n<p>P\u0159i v\u00fdb\u011bru dodavatele klademe d\u016fraz na p\u0159esnost, kvalitu a technologii zpracov\u00e1n\u00ed, stejn\u011b jako na v\u0161echny dal\u0161\u00ed komponenty cel\u00e9ho vst\u0159ikovac\u00edho za\u0159\u00edzen\u00ed. Nab\u00edz\u00edme \u0161irok\u00fd sortiment trysek v n\u011bkolika proveden\u00edch. Nap\u0159\u00edklad pro otvorov\u00e9 pro motory s p\u0159\u00edm\u00fdm vst\u0159ikov\u00e1n\u00edm, pro \u010depov\u00e9 pro motory s p\u0159edkom\u016frkou nebo v\u00edrovou kom\u016frkou, s nep\u0159\u00edm\u00fdm vst\u0159ikem, nebo pro velk\u00e9 vzn\u011btov\u00e9 motory v proveden\u00ed s chlazen\u00edm.<\/p>\n<p>V sortimentu Czechia Contract najdete \u0161irok\u00fd v\u00fdb\u011br dr\u017e\u00e1k\u016f vst\u0159ikovac\u00edch trysek b\u011b\u017en\u00e9ho proveden\u00ed, dod\u00e1van\u00fdch jak pro motory s p\u0159\u00edm\u00fdm, tak s nep\u0159\u00edm\u00fdm vst\u0159ikem paliva, stejn\u011b tak, jako dal\u0161\u00ed typy v z\u00e1vislosti na proveden\u00ed vzn\u011btov\u00e9ho motoru. Je mo\u017en\u00e9 objednat i jin\u00e1 proveden\u00ed dle pot\u0159eby.[\/vc_column_text][\/vc_column][\/vc_row][vc_row][vc_column][vc_raw_html]JTVCbW9kdWxhJTIwaWQlM0QlMjIzMDIxNCUyMiU1RA==[\/vc_raw_html][\/vc_column][\/vc_row][vc_row content_placement=&#8220;middle&#8220;][vc_column width=&#8220;1\/6&#8243;][\/vc_column][vc_column width=&#8220;2\/3&#8243;][vc_raw_html]JTVCZWxmc2lnaHRfcGRmX2VtYmVkJTIwaWQlM0QlMjIyJTIyJTVE[\/vc_raw_html][\/vc_column][vc_column width=&#8220;1\/6&#8243;][\/vc_column][\/vc_row]<\/p>\n<\/div>","protected":false},"excerpt":{"rendered":"<p>[vc_row][vc_column][vc_column_text] Vst\u0159ikovac\u00ed trysky, v\u00fdtla\u010dn\u00e9 ventily &#8230; P\u0159i v\u00fdb\u011bru dodavatele klademe&#8230;<\/p>\n","protected":false},"author":1,"featured_media":0,"parent":3965,"menu_order":1,"comment_status":"closed","ping_status":"closed","template":"","meta":{"passster_activate_protection":null,"passster_protect_child_pages":"","passster_protection_type":"password","passster_password":"","passster_activate_overwrite_defaults":"","passster_headline":"","passster_instruction":"","passster_placeholder":"","passster_button":"","passster_id":"","passster_activate_misc_settings":"","passster_redirect_url":"","passster_hide":"no","passster_area_shortcode":"","footnotes":""},"class_list":["post-30308","page","type-page","status-publish"],"_links":{"self":[{"href":"https:\/\/czechiacontract.com\/cs\/wp-json\/wp\/v2\/pages\/30308","targetHints":{"allow":["GET"]}}],"collection":[{"href":"https:\/\/czechiacontract.com\/cs\/wp-json\/wp\/v2\/pages"}],"about":[{"href":"https:\/\/czechiacontract.com\/cs\/wp-json\/wp\/v2\/types\/page"}],"author":[{"embeddable":true,"href":"https:\/\/czechiacontract.com\/cs\/wp-json\/wp\/v2\/users\/1"}],"replies":[{"embeddable":true,"href":"https:\/\/czechiacontract.com\/cs\/wp-json\/wp\/v2\/comments?post=30308"}],"version-history":[{"count":0,"href":"https:\/\/czechiacontract.com\/cs\/wp-json\/wp\/v2\/pages\/30308\/revisions"}],"up":[{"embeddable":true,"href":"https:\/\/czechiacontract.com\/cs\/wp-json\/wp\/v2\/pages\/3965"}],"wp:attachment":[{"href":"https:\/\/czechiacontract.com\/cs\/wp-json\/wp\/v2\/media?parent=30308"}],"curies":[{"name":"wp","href":"https:\/\/api.w.org\/{rel}","templated":true}]}}