{"id":3,"date":"2019-04-30T21:43:04","date_gmt":"2019-04-30T19:43:04","guid":{"rendered":"https:\/\/czechiacontract.com\/?page_id=3"},"modified":"2022-03-26T11:41:54","modified_gmt":"2022-03-26T10:41:54","slug":"ochrana-osobnich-udaju","status":"publish","type":"page","link":"https:\/\/czechiacontract.com\/cs\/ochrana-osobnich-udaju\/","title":{"rendered":"Z\u00e1sady ochrany osobn\u00edch \u00fadaj\u016f"},"content":{"rendered":"<div class=\"wpb-content-wrapper\"><p>[vc_row][vc_column][vc_column_text]<\/p>\r\n<h2 class=\"wp-block-heading\">Kdo jsme<\/h2>\r\n<p class=\"privacy-policy-tutorial\">Na\u0161e webov\u00e1 adresa je: https:\/\/www.czechiacontract.com.<\/p>\r\n<p class=\"privacy-policy-tutorial\">Kontaktn\u00ed \u00fadaje a informace o provozovateli najdete na str\u00e1nce https:\/\/czechiacontract.com\/kontakt<\/p>\r\n<h2>Jak\u00e9 shroma\u017e\u010fujeme osobn\u00ed \u00fadaje a pro\u010d je shroma\u017e\u010fujeme<\/h2>\r\n<p class=\"privacy-policy-tutorial\">Neshroma\u017e\u010fuje \u017e\u00e1dn\u00e9 osobn\u00ed \u00fadaje o n\u00e1v\u0161t\u011bvn\u00edc\u00edch a shroma\u017e\u010fuje pouze data zobrazen\u00e1 na administra\u010dn\u00ed str\u00e1nce \u201eProfil\u201c u registrovan\u00fdch u\u017eivatel\u016f.\u00a0<\/p>\r\n<h3>Koment\u00e1\u0159e<\/h3>\r\n<p>Na tomto webu nejsou koment\u00e1\u0159e mo\u017en\u00e9, proto neshroma\u017e\u010fujeme \u017e\u00e1dn\u00e9 informakter\u00e9 by ke komentov\u00e1n\u00ed byli pot\u0159eba.<\/p>\r\n<h3>M\u00e9dia<\/h3>\r\n<p class=\"privacy-policy-tutorial\">Nen\u00ed mo\u017en\u00e9 sem nahr\u00e1vat medi\u00e1ln\u00ed soubory, proto nen\u00ed pot\u0159eba shroma\u017e\u010fovat informace o u\u017eivateli kter\u00fd je nahr\u00e1l.<\/p>\r\n<h3>Kontaktn\u00ed formul\u00e1\u0159e<\/h3>\r\n<p class=\"privacy-policy-tutorial\">Informace kter\u00e9 n\u00e1m ode\u0161lete prost\u0159ednictv\u00edm kontaktn\u00edho formul\u00e1\u0159e uchov\u00e1v\u00e1me jen po ur\u010ditou dobu, pro \u00fa\u010dely slu\u017eeb z\u00e1kazn\u00edk\u016fm, ale nepou\u017e\u00edv\u00e1te tyto informace za \u00fa\u010delem marketingu.<\/p>\r\n<h3>Cookies<\/h3>\r\n<p>\u00a0Pokud ode\u0161lete zpr\u00e1vu prost\u0159ednictv\u00edm kontaktn\u00edho formul\u00e1\u0159e, m\u016f\u017eete se ulo\u017eit jm\u00e9no a emailov\u00e1 adresa do cookies. T\u00edmto zp\u016fsobem se sna\u017e\u00edme zv\u00fd\u0161it v\u00e1\u0161 komfort, kdy\u017e budete ps\u00e1t novou zpr\u00e1vu u\u017e pak nebudete muset tyto \u00fadaje znovu vypl\u0148ovat. Tyto soubory cookies budou m\u00edt \u017eivotnost jeden rok.<\/p>\r\n<p>Pokud nav\u0161t\u00edv\u00edte na\u0161i p\u0159ihla\u0161ovac\u00ed str\u00e1nku, nastav\u00edme do\u010dasn\u00e9 cookies pro ov\u011b\u0159en\u00ed, zda v\u00e1\u0161 prohl\u00ed\u017ee\u010d p\u0159ij\u00edm\u00e1 soubory cookies. Tento soubor cookies neobsahuje \u017e\u00e1dn\u00e1 osobn\u00ed data a p\u0159i zav\u0159en\u00ed prohl\u00ed\u017ee\u010de se zru\u0161\u00ed.<\/p>\r\n<p>P\u0159i p\u0159ihla\u0161ov\u00e1n\u00ed v\u00e1m nastav\u00edme tak\u00e9 n\u011bkolik soubor\u016f cookies pro ulo\u017een\u00ed va\u0161ich p\u0159ihla\u0161ovac\u00edch \u00fadaj\u016f a pro nastaven\u00ed zobrazen\u00ed obrazovky. P\u0159ihla\u0161ovac\u00ed soubory cookies maj\u00ed \u017eivotnost dva dny a cookies pro nastaven\u00ed zobrazen\u00ed maj\u00ed \u017eivotnost jeden rok. Pokud potvrd\u00edte mo\u017enost \u201eZapamatovat si m\u011b\u201c, va\u0161e p\u0159ihl\u00e1\u0161en\u00ed bude trvat dva t\u00fddny. Pokud se ze sv\u00e9ho \u00fa\u010dtu odhl\u00e1s\u00edte, p\u0159ihla\u0161ovac\u00ed cookies budou odstran\u011bny.<\/p>\r\n<p>&nbsp;<\/p>\r\n<h3>Vlo\u017een\u00fd obsah z dal\u0161\u00edch web\u016f<\/h3>\r\n<p>Obsah na t\u011bchto str\u00e1nk\u00e1ch m\u016f\u017ee obsahovat vlo\u017een\u00fd obsah (nap\u0159\u00edklad videa, pdf soubory, atd.). Vlo\u017een\u00fd obsah z jin\u00fdch webov\u00fdch str\u00e1nek se chov\u00e1 stejn\u00fdm zp\u016fsobem, jako kdyby n\u00e1v\u0161t\u011bvn\u00edk nav\u0161t\u00edvil jin\u00fd web.<\/p>\r\n<p>Tyto webov\u00e9 str\u00e1nky mohou shroma\u017e\u010fovat data o v\u00e1s, pou\u017e\u00edvat soubory cookies, vkl\u00e1dat dal\u0161\u00ed sledov\u00e1n\u00ed od t\u0159et\u00edch stran a sledovat va\u0161i interakci s t\u00edmto vlo\u017een\u00fdm obsahem, v\u010detn\u011b sledov\u00e1n\u00ed interakce s vlo\u017een\u00fdm obsahem, pokud m\u00e1te \u00fa\u010det a jste p\u0159ihl\u00e1\u0161eni na danou webovou str\u00e1nku.<\/p>\r\n<h3>Analytika<\/h3>\r\n<p class=\"privacy-policy-tutorial\">Na webu pou\u017e\u00edv\u00e1me slu\u017ebu Google Analytics. Ve\u0161ker\u00e1 data jsou anonymizov\u00e1na, tak\u017ee nedoch\u00e1z\u00ed k ukl\u00e1d\u00e1n\u00ed Va\u0161ich osobn\u00edch informac\u00ed.<\/p>\r\n<h2>S k\u00fdm sd\u00edl\u00edme va\u0161e \u00fadaje<\/h2>\r\n<p class=\"privacy-policy-tutorial\">Va\u0161e osobn\u00ed \u00fadaje nikomu neposkytujeme.<\/p>\r\n<h2>Jak dlouho uchov\u00e1v\u00e1me va\u0161e \u00fadaje<\/h2>\r\n<p>Pro u\u017eivatele, kte\u0159\u00ed se registruj\u00ed na tomto webu (pokud maj\u00ed tuto mo\u017enost), ukl\u00e1d\u00e1me tak\u00e9 osobn\u00ed \u00fadaje, kter\u00e9 uv\u00e1d\u011bj\u00ed ve sv\u00e9m u\u017eivatelsk\u00e9m profilu. V\u0161ichni u\u017eivatel\u00e9 mohou kdykoliv vid\u011bt, upravovat nebo smazat sv\u00e9 osobn\u00ed \u00fadaje (s v\u00fdjimkou toho, \u017ee nemohou zm\u011bnit sv\u00e9 u\u017eivatelsk\u00e9 jm\u00e9no). Administr\u00e1to\u0159i webu mohou tak\u00e9 tyto informace zobrazit a upravovat.<\/p>\r\n<h2>Jak\u00e1 m\u00e1te pr\u00e1va?<\/h2>\r\n<p>Pokud m\u00e1te na tomto webu \u00fa\u010det, m\u016f\u017eete po\u017e\u00e1dat o obdr\u017een\u00ed souboru s exportem osobn\u00edch \u00fadaj\u016f, kter\u00e9 o v\u00e1s uchov\u00e1v\u00e1me, v\u010detn\u011b v\u0161ech \u00fadaj\u016f, kter\u00e9 jste n\u00e1m poskytli. M\u016f\u017eete tak\u00e9 po\u017e\u00e1dat o odstran\u011bn\u00ed ve\u0161ker\u00fdch osobn\u00edch \u00fadaj\u016f, kter\u00e9 o v\u00e1s uchov\u00e1v\u00e1me. Tato mo\u017enost nezahrnuje \u00fadaje, kter\u00e9 jsme povinni uchov\u00e1vat z administrativn\u00edch, pr\u00e1vn\u00edch nebo bezpe\u010dnostn\u00edch d\u016fvod\u016f.<\/p>\r\n<h2>Kam pos\u00edl\u00e1me va\u0161e data?<\/h2>\r\n<p>Odes\u00edlan\u00e9 formul\u00e1\u0159e n\u00e1v\u0161t\u011bvn\u00edk\u016f mohou b\u00fdt kontrolov\u00e1ny prost\u0159ednictv\u00edm automatizovan\u00e9 slu\u017eby detekce spamu, kter\u00e1 m\u016f\u017ee b\u00fdt um\u00edst\u011bna v zahrani\u010d\u00ed.<\/p>\r\n<h2>Va\u0161e kontaktn\u00ed \u00fadaje<\/h2>\r\n<p class=\"privacy-policy-tutorial\">Kontaktn\u00ed \u00fadaje a informace o provozovateli najdete na str\u00e1nce https:\/\/czechiacontract.com\/kontakt<\/p>\r\n<h2>Dodate\u010dn\u00e9 informace<\/h2>\r\n<p class=\"privacy-policy-tutorial\">Pou\u017e\u00edv\u00e1te-li web pro komer\u010dn\u00ed \u00fa\u010dely a zab\u00fdv\u00e1te se slo\u017eit\u011bj\u0161\u00edm sb\u011brem nebo zpracov\u00e1v\u00e1n\u00edm osobn\u00edch \u00fadaj\u016f, m\u011bli byste ve va\u0161ich z\u00e1sad\u00e1ch nav\u00edc tak\u00e9 uv\u00e9st n\u00e1sleduj\u00edc\u00ed informace.<\/p>\r\n<h3>Jak chr\u00e1n\u00edme va\u0161e osobn\u00ed \u00fadaje<\/h3>\r\n<p class=\"privacy-policy-tutorial\">Web je \u0161ifrov\u00e1n a m\u00e1 bezpe\u010dnostn\u00ed opat\u0159en\u00ed.<\/p>\r\n<h2>Zdroj: WPML<\/h2>\r\n<div class=\"policy-text\">\r\n<p>WPML uses cookies to identify the visitor\u2019s current language, the last visited language and the language of users who have logged in.<\/p>\r\n<p>While you use the plugin, WPML will share data regarding the site through Installer. No data from the user itself will be shared.<\/p>\r\n<h2>Zdroj: Slider Revolution<\/h2>\r\n<div class=\"policy-text\">\r\n<p>In case you\u2019re using Google Web Fonts (default) or playing videos or sounds via YouTube or Vimeo in Slider Revolution we recommend to add the corresponding text phrase to your privacy police:<\/p>\r\n<h3>YouTube<\/h3>\r\n<p>Our website uses plugins from YouTube, which is operated by Google. The operator of the pages is YouTube LLC, 901 Cherry Ave., San Bruno, CA 94066, USA.<\/p>\r\n<p>If you visit one of our pages featuring a YouTube plugin, a connection to the YouTube servers is established. Here the YouTube server is informed about which of our pages you have visited.<\/p>\r\n<p>If you&#8217;re logged in to your YouTube account, YouTube allows you to associate your browsing behavior directly with your personal profile. You can prevent this by logging out of your YouTube account.<\/p>\r\n<p>YouTube is used to help make our website appealing. This constitutes a justified interest pursuant to Art. 6 (1) (f) DSGVO.<\/p>\r\n<p>Further information about handling user data, can be found in the data protection declaration of YouTube under\u00a0<a href=\"https:\/\/www.google.de\/intl\/de\/policies\/privacy\" target=\"_blank\" rel=\"noopener noreferrer\">https:\/\/www.google.de\/intl\/de\/policies\/privacy<\/a>.<\/p>\r\n<h3>Google Web Fonts<\/h3>\r\n<p>For uniform representation of fonts, this page uses web fonts provided by Google. When you open a page, your browser loads the required web fonts into your browser cache to display texts and fonts correctly.<\/p>\r\n<p>For this purpose your browser has to establish a direct connection to Google servers. Google thus becomes aware that our web page was accessed via your IP address. The use of Google Web fonts is done in the interest of a uniform and attractive presentation of our plugin. This constitutes a justified interest pursuant to Art. 6 (1) (f) DSGVO.<\/p>\r\n<p>If your browser does not support web fonts, a standard font is used by your computer.<\/p>\r\n<p>Further information about handling user data, can be found at\u00a0<a href=\"https:\/\/developers.google.com\/fonts\/faq\" target=\"_blank\" rel=\"noopener noreferrer\">https:\/\/developers.google.com\/fonts\/faq<\/a>\u00a0and in Google&#8217;s privacy policy at\u00a0<a href=\"https:\/\/www.google.com\/policies\/privacy\/\" target=\"_blank\" rel=\"noopener noreferrer\">https:\/\/www.google.com\/policies\/privacy\/<\/a>.<\/p>\r\n<p>&nbsp;<\/p>\r\n<\/div>\r\n<\/div>\r\n<p>[\/vc_column_text][\/vc_column][\/vc_row]<\/p><\/div>","protected":false},"excerpt":{"rendered":"<p>[vc_row][vc_column][vc_column_text] Kdo jsme Na\u0161e webov\u00e1 adresa je: https:\/\/www.czechiacontract.com. Kontaktn\u00ed \u00fadaje&#8230;<\/p>\n","protected":false},"author":1,"featured_media":0,"parent":0,"menu_order":1000,"comment_status":"closed","ping_status":"closed","template":"","meta":{"passster_activate_protection":false,"passster_protect_child_pages":"","passster_protection_type":"password","passster_password":"","passster_activate_overwrite_defaults":"","passster_headline":"","passster_instruction":"","passster_placeholder":"","passster_button":"","passster_id":"","passster_activate_misc_settings":"","passster_redirect_url":"","passster_hide":"no","passster_area_shortcode":"","footnotes":""},"class_list":["post-3","page","type-page","status-publish"],"_links":{"self":[{"href":"https:\/\/czechiacontract.com\/cs\/wp-json\/wp\/v2\/pages\/3","targetHints":{"allow":["GET"]}}],"collection":[{"href":"https:\/\/czechiacontract.com\/cs\/wp-json\/wp\/v2\/pages"}],"about":[{"href":"https:\/\/czechiacontract.com\/cs\/wp-json\/wp\/v2\/types\/page"}],"author":[{"embeddable":true,"href":"https:\/\/czechiacontract.com\/cs\/wp-json\/wp\/v2\/users\/1"}],"replies":[{"embeddable":true,"href":"https:\/\/czechiacontract.com\/cs\/wp-json\/wp\/v2\/comments?post=3"}],"version-history":[{"count":0,"href":"https:\/\/czechiacontract.com\/cs\/wp-json\/wp\/v2\/pages\/3\/revisions"}],"wp:attachment":[{"href":"https:\/\/czechiacontract.com\/cs\/wp-json\/wp\/v2\/media?parent=3"}],"curies":[{"name":"wp","href":"https:\/\/api.w.org\/{rel}","templated":true}]}}