{"id":1925,"date":"2016-01-26T09:58:54","date_gmt":"2016-01-26T08:58:54","guid":{"rendered":"http:\/\/democontent.codex-themes.com\/thegem-architecture\/?page_id=1925"},"modified":"2022-05-19T17:16:45","modified_gmt":"2022-05-19T15:16:45","slug":"sluzby","status":"publish","type":"page","link":"https:\/\/czechiacontract.com\/cs\/sluzby\/","title":{"rendered":"Slu\u017eby"},"content":{"rendered":"<div class=\"wpb-content-wrapper\"><p>[vc_row full_width=&#8220;stretch_row&#8220; css=&#8220;.vc_custom_1648401416728{background-color: #1c3d76 !important;}&#8220;][vc_column][vc_empty_space height=&#8220;130px&#8220;][vc_column_text]<\/p>\n<div class=\"title-xlarge\" style=\"text-align: center;\"><span class=\"light\" style=\"color: #ffffff;\">Slu\u017eby \/<\/span><span style=\"color: #ffffff;\"> Nab\u00edz\u00edme<\/span><\/div>\n<p>[\/vc_column_text][vc_column_text]<\/p>\n<div class=\"custom-header-subtitle styled-subtitle\" style=\"padding-bottom: 106px; text-align: center;\"><span class=\"light\" style=\"color: #ffffff;\">A\u0165 u\u017e je va\u0161e popt\u00e1vka jakkoli specifick\u00e1, v\u017edy k n\u00ed p\u0159istupujeme individu\u00e1ln\u011b a snahou je uspokojit ji nad r\u00e1mec prodejn\u00edho sortimentu. Nem\u00e1me jedno univerz\u00e1ln\u00ed \u0159e\u0161en\u00ed pro v\u0161echny, v\u017edy hled\u00e1me zp\u016fsob, jak obchod uzav\u0159\u00edt.<\/span><\/div>\n<p>[\/vc_column_text][\/vc_column][\/vc_row][vc_row][vc_column]<div class=\"clearboth\"><\/div><style>#thegem-divider-69debb6fc9d38 {margin-top: 50px !important;}<\/style><div id=\"thegem-divider-69debb6fc9d38\" class=\"gem-divider  \" style=\"\" ><\/div>[\/vc_column][\/vc_row][vc_row][vc_column width=&#8220;1\/2&#8243;][vc_column_text]<\/p>\n<div class=\"title-h3\"><span class=\"light\" style=\"color: #99a9b5;\">PRO V\u00ddROBCE<\/span><\/div>\n<p>[\/vc_column_text][vc_column_text]<\/p>\n<div class=\"styled-subtitle\">Hled\u00e1te dal\u0161\u00ed velkoobchodn\u00ed odb\u011bratele,nebo nov\u00e9 trhy na kter\u00fdch \u00fasp\u011b\u0161n\u011b prod\u00e1vat? Cht\u011bli byste zastoupen\u00ed firmou kter\u00e1 pr\u00e1v\u011b uveden\u00e9 nab\u00edz\u00ed? Prost\u0159ed\u00ed st\u0159edn\u00edho a bl\u00edzk\u00e9ho v\u00fdchodu zn\u00e1me, orientujeme se v n\u011bm a m\u00e1me s\u00ed\u0165 kontakt\u016f. Najdeme pro v\u00e1s odb\u011bratele na jednom z nejv\u00edce lukrativn\u00edch trh\u016f na sv\u011bt\u011b.<\/div>\n<p>[\/vc_column_text][\/vc_column][vc_column width=&#8220;1\/2&#8243;][vc_column_text]<\/p>\n<div class=\"title-h3\"><span class=\"light\" style=\"color: #99a9b5;\">PRO OBCHODN\u00cdKY<br \/>\n<\/span><\/div>\n<p>[\/vc_column_text][vc_column_text]<\/p>\n<div class=\"styled-subtitle\">Nab\u00edz\u00edme origin\u00e1ln\u00ed, kvalitn\u00ed a certifikovan\u00fd sortiment n\u00e1hradn\u00edch d\u00edl\u016f, pro benz\u00ednov\u00e9 i naftov\u00e9 motory evropsk\u00e9 v\u00fdroby. Komponenty v pr\u016fmyslu, pro osobn\u00ed auta, n\u00e1kladn\u00ed dopravu, agro techniku, atd. Realizace specifick\u00fdch objedn\u00e1vek a sortimentu dle individu\u00e1ln\u00edch po\u017eadavk\u016f, v\u010detn\u011b zak\u00e1zkov\u00e9 v\u00fdroby.<\/div>\n<p>[\/vc_column_text][\/vc_column][\/vc_row][vc_row][vc_column]<div class=\"clearboth\"><\/div><style>#thegem-divider-69debb6fc9d61 {margin-top: 50px !important;}<\/style><div id=\"thegem-divider-69debb6fc9d61\" class=\"gem-divider  \" style=\"\" ><\/div>[\/vc_column][\/vc_row][vc_row][vc_column width=&#8220;1\/2&#8243;][vc_column_text]Pro z\u00e1kazn\u00edky hled\u00e1me v\u00fdrobce, kter\u00fd bude nejl\u00e9pe odpov\u00eddat po\u017eadovan\u00fdm krit\u00e9ri\u00edm jak z hlediska kvality, atraktivity, nebo z pohledu ekonomick\u00e9ho. Stejn\u00e9 krit\u00e9ria plat\u00ed ve sm\u011bru opa\u010dn\u00e9m, tedy kdy hled\u00e1me prodejce, kter\u00fd bude va\u0161e v\u00fdrobky nab\u00edzet.<\/p>\n<p>Pom\u00e1h\u00e1me p\u0159i vstupu na trhy st\u0159edn\u00edho a bl\u00edzk\u00e9ho v\u00fdchodu, v\u00edme, kde je z\u00e1jem o kvalitn\u00ed evropsk\u00e9 zbo\u017e\u00ed a postar\u00e1me se o kompletn\u00ed servis v oblasti velkoobchodn\u00edho prodeje, v\u010detn\u011b konzultac\u00ed o zabezpe\u010den\u00ed proti kurzov\u00fdm rizik\u016fm.<\/p>\n<p>D\u00edky dokonal\u00e9 znalosti lok\u00e1ln\u00edch podm\u00ednek a mnoholet\u00e9mu p\u016fsoben\u00ed v oboru um\u00edme z\u00e1kazn\u00edk\u016fm sjednat atraktivn\u00ed objem zak\u00e1zek. Realizac\u00ed nov\u00fdch zak\u00e1zek na trz\u00edch st\u0159edn\u00edho a bl\u00edzk\u00e9ho v\u00fdchodu z\u00edsk\u00e1vaj\u00ed firmy obvykle o des\u00edtky procent vy\u0161\u0161\u00ed obchodn\u00ed mar\u017ei ne\u017e p\u0159i realizaci zak\u00e1zek v regionu.[\/vc_column_text][\/vc_column][vc_column width=&#8220;1\/2&#8243;][vc_column_text]A\u010dkoliv m\u00e1 prodej zbo\u017e\u00ed na bl\u00edzk\u00e9m v\u00fdchod\u011b obrovsk\u00fd potenci\u00e1l, m\u00e1 i sv\u00e1 rizika a specifika. Probl\u00e9mem je nestabiln\u00ed politick\u00e1 situace a m\u011bnov\u00fd kurz, kter\u00fd st\u00e1le kol\u00eds\u00e1. Czechia Contract si je v\u011bdom t\u011bchto rizik a doporu\u010duje prodejn\u00ed strategie s c\u00edlem maxim\u00e1ln\u011b ochr\u00e1nit vlo\u017een\u00e9 investice.<\/p>\n<p>Vyv\u00e1\u017een\u00ed zbo\u017e\u00ed na trhy bl\u00edzk\u00e9ho a st\u0159edn\u00edho v\u00fdchodu p\u0159edstavuje ur\u010ditou administrativn\u00ed z\u00e1t\u011b\u017e. Ta je v\u0161ak v porovn\u00e1n\u00ed s evropsk\u00fdmi p\u0159edpisy mnohem p\u0159\u00edv\u011btiv\u011bj\u0161\u00ed a jednodu\u0161\u0161\u00ed na zpracov\u00e1n\u00ed.<\/p>\n<p>O zaji\u0161t\u011bn\u00ed odbytu na nov\u00fdch trz\u00edch nemus\u00edte m\u00edt obavy. V t\u011bchto zem\u00edch st\u00e1le p\u0159eva\u017euje popt\u00e1vka nad nab\u00eddkou. Kvalitn\u00ed evropsk\u00e9 zbo\u017e\u00ed v\u00edt\u011bz\u00ed nad dovozem levn\u00fdch produkc\u00ed z asijsk\u00fdch zem\u00ed. P\u0159ipojte se k t\u011bm, kte\u0159\u00ed zde sv\u00e9 zbo\u017e\u00ed ji\u017e prod\u00e1vaj\u00ed, zvy\u0161te objem a rentabilitu sv\u00fdch zak\u00e1zek.[\/vc_column_text][\/vc_column][\/vc_row][vc_row][vc_column]<div class=\"clearboth\"><\/div><style>#thegem-divider-69debb6fc9d75 {margin-top: 50px !important;}<\/style><div id=\"thegem-divider-69debb6fc9d75\" class=\"gem-divider  \" style=\"\" ><\/div>[\/vc_column][\/vc_row][vc_row][vc_column width=&#8220;3\/4&#8243;]<div class=\"gem-textbox \"  ><div class=\"gem-textbox-inner\" style=\"\"><div class=\"gem-textbox-content\" style=\"background-color: #f4f6f7;background-position: center top;padding-top: 50px;padding-bottom: 40px;padding-left: 64px;\">[vc_row_inner][vc_column_inner][vc_column_text]<\/p>\n<h2><strong>PORADENSTV\u00cd<\/strong><\/h2>\n<p>[\/vc_column_text]<div class=\"clearboth\"><\/div><style>#thegem-divider-69debb6fc9dea {margin-top: 27px !important;}<\/style><div id=\"thegem-divider-69debb6fc9dea\" class=\"gem-divider  \" style=\"\" ><\/div>[vc_column_text]V p\u0159\u00edpad\u011b z\u00e1jmu m\u016f\u017eeme nab\u00eddnout konzultace v oblasti marketingu p\u0159i uv\u00e1d\u011bn\u00ed v\u00fdrobk\u016f na trh \u2026<br \/>\nVypracujeme studii prodeje a navrhneme jak\u00fdm zp\u016fsobem, v jak\u00e9m balen\u00ed, s jakou cenou \u2026[\/vc_column_text][\/vc_column_inner][\/vc_row_inner]<\/div><\/div><\/div>[\/vc_column][vc_column width=&#8220;1\/4&#8243;][vc_single_image image=&#8220;30227&#8243; img_size=&#8220;238&#215;238&#8243; style=&#8220;vc_box_border_circle&#8220;][\/vc_column][\/vc_row][vc_row][vc_column width=&#8220;1\/4&#8243;][vc_single_image image=&#8220;30151&#8243; img_size=&#8220;238&#215;238&#8243; style=&#8220;vc_box_border_circle&#8220;][\/vc_column][vc_column width=&#8220;3\/4&#8243;]<div class=\"gem-textbox \"  ><div class=\"gem-textbox-inner\" style=\"\"><div class=\"gem-textbox-content\" style=\"background-color: #f4f6f7;background-position: center top;padding-top: 50px;padding-bottom: 40px;padding-left: 64px;\">[vc_row_inner][vc_column_inner][vc_column_text]<\/p>\n<h2><strong>VZORKY<\/strong><\/h2>\n<p>[\/vc_column_text]<div class=\"clearboth\"><\/div><style>#thegem-divider-69debb6fc9e26 {margin-top: 27px !important;}<\/style><div id=\"thegem-divider-69debb6fc9e26\" class=\"gem-divider  \" style=\"\" ><\/div>[vc_column_text]Velkoobchodn\u00ed spolupr\u00e1ci \u010dasto zahajujeme t\u00edm, \u017ee dod\u00e1me vzorek d\u00edlu, o kter\u00e9 m\u00e1 prod\u00e1vaj\u00edc\u00ed z\u00e1jem. Pro obchodn\u00edky v tomto regionu je d\u016fle\u017eit\u00e9, aby zbo\u017e\u00ed vid\u011bli nejen v katalogu, ale tak\u00e9 fyzicky.[\/vc_column_text][\/vc_column_inner][\/vc_row_inner]<\/div><\/div><\/div>[\/vc_column][\/vc_row][vc_row][vc_column width=&#8220;3\/4&#8243;]<div class=\"gem-textbox \"  ><div class=\"gem-textbox-inner\" style=\"\"><div class=\"gem-textbox-content\" style=\"background-color: #f4f6f7;background-position: center top;padding-top: 50px;padding-bottom: 40px;padding-left: 64px;\">[vc_row_inner][vc_column_inner][vc_column_text]<\/p>\n<h2><strong>SPECIFIKACE<\/strong><\/h2>\n<p>[\/vc_column_text]<div class=\"clearboth\"><\/div><style>#thegem-divider-69debb6fc9e54 {margin-top: 27px !important;}<\/style><div id=\"thegem-divider-69debb6fc9e54\" class=\"gem-divider  \" style=\"\" ><\/div>[vc_column_text]Pokud hled\u00e1te zbo\u017e\u00ed dle dan\u00e9 specifikace ,zajist\u00edme pro v\u00e1s rozbor materi\u00e1l\u016f, odborn\u00e9 n\u00e1kresy \u2026 Certifik\u00e1ty, deklarace originality, technick\u00e9 normy \u2026[\/vc_column_text][\/vc_column_inner][\/vc_row_inner]<\/div><\/div><\/div>[\/vc_column][vc_column width=&#8220;1\/4&#8243;][vc_single_image image=&#8220;30161&#8243; img_size=&#8220;238&#215;238&#8243; style=&#8220;vc_box_border_circle&#8220;][\/vc_column][\/vc_row][vc_row][vc_column width=&#8220;1\/4&#8243;][vc_single_image image=&#8220;30155&#8243; img_size=&#8220;238&#215;238&#8243; style=&#8220;vc_box_border_circle&#8220;][\/vc_column][vc_column width=&#8220;3\/4&#8243;]<div class=\"gem-textbox \"  ><div class=\"gem-textbox-inner\" style=\"\"><div class=\"gem-textbox-content\" style=\"background-color: #f4f6f7;background-position: center top;padding-top: 50px;padding-bottom: 40px;padding-left: 64px;\">[vc_row_inner][vc_column_inner][vc_column_text]<\/p>\n<h2><strong>KOOPERACE<\/strong><\/h2>\n<p>[\/vc_column_text]<div class=\"clearboth\"><\/div><style>#thegem-divider-69debb6fc9e7c {margin-top: 27px !important;}<\/style><div id=\"thegem-divider-69debb6fc9e7c\" class=\"gem-divider  \" style=\"\" ><\/div>[vc_column_text]V\u00fdrobce vyb\u00edr\u00e1me podle specifik prodejce a db\u00e1me na spln\u011bn\u00ed po\u017eadovan\u00fdch krit\u00e9ri\u00ed. Spolupracujeme s presti\u017en\u00edmi firmami a leadery v oboru. D\u00edky dlouhodob\u011b oboustrann\u011b v\u00fdhodn\u00e9mu zastoupen\u00ed, m\u00e1me \u010dasto exkluzivitu.[\/vc_column_text][\/vc_column_inner][\/vc_row_inner]<\/div><\/div><\/div>[\/vc_column][\/vc_row][vc_row][vc_column width=&#8220;3\/4&#8243;]<div class=\"gem-textbox \"  ><div class=\"gem-textbox-inner\" style=\"\"><div class=\"gem-textbox-content\" style=\"background-color: #f4f6f7;background-position: center top;padding-top: 50px;padding-bottom: 40px;padding-left: 64px;\">[vc_row_inner][vc_column_inner][vc_column_text]<\/p>\n<h2><strong>KALKULACE<\/strong><\/h2>\n<p>[\/vc_column_text]<div class=\"clearboth\"><\/div><style>#thegem-divider-69debb6fc9ea1 {margin-top: 27px !important;}<\/style><div id=\"thegem-divider-69debb6fc9ea1\" class=\"gem-divider  \" style=\"\" ><\/div>[vc_column_text]Jakmile se shodneme na v\u00fdrobci, vyjedn\u00e1me pro v\u00e1s tu nejlep\u0161\u00ed cenu. D\u00edky dlouhodob\u00e9 spolupr\u00e1ci s v\u00fdrobci a \u0161irok\u00e9mu portfoliu kontakt\u016f, um\u00edme vyjednat zaj\u00edmav\u00e9 podm\u00ednky.[\/vc_column_text][\/vc_column_inner][\/vc_row_inner]<\/div><\/div><\/div>[\/vc_column][vc_column width=&#8220;1\/4&#8243;][vc_single_image image=&#8220;30197&#8243; img_size=&#8220;238&#215;238&#8243; style=&#8220;vc_box_border_circle&#8220;][\/vc_column][\/vc_row][vc_row][vc_column width=&#8220;1\/4&#8243;][vc_single_image image=&#8220;30153&#8243; img_size=&#8220;238&#215;238&#8243; style=&#8220;vc_box_border_circle&#8220;][\/vc_column][vc_column width=&#8220;3\/4&#8243;]<div class=\"gem-textbox \"  ><div class=\"gem-textbox-inner\" style=\"\"><div class=\"gem-textbox-content\" style=\"background-color: #f4f6f7;background-position: center top;padding-top: 50px;padding-bottom: 40px;padding-left: 64px;\">[vc_row_inner][vc_column_inner][vc_column_text]<\/p>\n<h2><strong>TRH<\/strong><\/h2>\n<p>[\/vc_column_text]<div class=\"clearboth\"><\/div><style>#thegem-divider-69debb6fc9ec7 {margin-top: 27px !important;}<\/style><div id=\"thegem-divider-69debb6fc9ec7\" class=\"gem-divider  \" style=\"\" ><\/div>[vc_column_text]Obchodov\u00e1n\u00ed na bl\u00edzk\u00e9m v\u00fdchod\u011b m\u00e1 sv\u00e1 specifika. P\u0159edstav\u00edme v\u00e1m v\u00fdhody a pom\u016f\u017eeme s ochranou proti p\u0159\u00edpadn\u00fdm kurzov\u00fdm rizik\u016fm.[\/vc_column_text][\/vc_column_inner][\/vc_row_inner]<\/div><\/div><\/div>[\/vc_column][\/vc_row][vc_row][vc_column]<div class=\"clearboth\"><\/div><style>#thegem-divider-69debb6fc9ed5 {margin-top: 64px !important;}<\/style><div id=\"thegem-divider-69debb6fc9ed5\" class=\"gem-divider  \" style=\"\" ><\/div>[\/vc_column][\/vc_row][vc_row css=&#8220;.vc_custom_1453817064509{margin-top: -20px !important;}&#8220;][vc_column]<div id=\"fullwidth-block-69debb6fc9ef5\" class=\"fullwidth-block clearfix\"  style=\"background-color: #d81419;padding-top: 150px;padding-bottom: 150px;\"><script type=\"text\/javascript\">if (typeof(gem_fix_fullwidth_position) == \"function\") { gem_fix_fullwidth_position(document.getElementById(\"fullwidth-block-69debb6fc9ef5\")); }<\/script><div class=\"fullwidth-block-inner\"><div class=\"clearboth\"><\/div><style>#thegem-divider-69debb6fc9f38 {margin-top: 65px !important;}<\/style><div id=\"thegem-divider-69debb6fc9f38\" class=\"gem-divider  \" style=\"\" ><\/div>[vc_column_text]<\/p>\n<div class=\"title-xlarge\" style=\"text-align: center;\"><span class=\"light\" style=\"color: #ffffff;\">Partner program<\/span><\/div>\n<p>[\/vc_column_text]<div class=\"clearboth\"><\/div><style>#thegem-divider-69debb6fc9f45 {margin-top: 85px !important;}<\/style><div id=\"thegem-divider-69debb6fc9f45\" class=\"gem-divider  \" style=\"\" ><\/div>[vc_column_text]<\/p>\n<div class=\"styled-subtitle\" style=\"text-align: center; max-width: 1000px; margin: 0 auto;\"><span style=\"color: #ffffff;\">S dodavateli i odb\u011brateli obvykle spolupracujeme \u0159adu let, v\u00e1\u017e\u00edme si skute\u010dnosti, \u017ee se k n\u00e1m na\u0161i z\u00e1kazn\u00edci znovu vracej\u00ed. R\u00e1di p\u0159edstav\u00edme v\u00fdhody spolupr\u00e1ce s Czechia Contract i v\u00e1m.<\/span><\/div>\n<p>[\/vc_column_text]<div class=\"clearboth\"><\/div><style>#thegem-divider-69debb6fc9f52 {margin-top: 10px !important;}<\/style><div id=\"thegem-divider-69debb6fc9f52\" class=\"gem-divider  \" style=\"\" ><\/div><style type=\"text\/css\">.thegem-button-69debb6fc9fcc1517 .gem-button svg {fill: #ffffff;}.thegem-button-69debb6fc9fcc1517 .gem-button:hover svg {fill: #191919;}<\/style><div class=\"gem-button-container gem-button-position-center thegem-button-69debb6fc9fcc1517    \"  ><a title=\"Partner Program\" class=\"gem-button gem-button-size-medium gem-button-style-outline gem-button-text-weight-normal gem-button-border-2\" data-ll-effect=\"drop-right-without-wrap\" style=\"border-radius: 0px;border-color: #ffffff;color: #ffffff;\" onmouseleave=\"this.style.borderColor='#ffffff';this.style.backgroundColor='transparent';this.style.color='#ffffff';\" onmouseenter=\"this.style.borderColor='#ffffff';this.style.backgroundColor='#ffffff';this.style.color='#191919';\" href=\"\/partner-program\/\" target=\"_self\">V\u00edce informac\u00ed<\/a><\/div> <\/div><\/div>[\/vc_column][\/vc_row]<\/p>\n<\/div>","protected":false},"excerpt":{"rendered":"<p>[vc_row full_width=&#8220;stretch_row&#8220; css=&#8220;.vc_custom_1648401416728{background-color: #1c3d76 !important;}&#8220;][vc_column][vc_empty_space height=&#8220;130px&#8220;][vc_column_text] Slu\u017eby \/ Nab\u00edz\u00edme [\/vc_column_text][vc_column_text]&#8230;<\/p>\n","protected":false},"author":1,"featured_media":0,"parent":0,"menu_order":3,"comment_status":"closed","ping_status":"closed","template":"","meta":{"passster_activate_protection":null,"passster_protect_child_pages":"","passster_protection_type":"password","passster_password":"","passster_activate_overwrite_defaults":"","passster_headline":"","passster_instruction":"","passster_placeholder":"","passster_button":"","passster_id":"","passster_activate_misc_settings":"","passster_redirect_url":"","passster_hide":"no","passster_area_shortcode":"","footnotes":""},"class_list":["post-1925","page","type-page","status-publish"],"_links":{"self":[{"href":"https:\/\/czechiacontract.com\/cs\/wp-json\/wp\/v2\/pages\/1925","targetHints":{"allow":["GET"]}}],"collection":[{"href":"https:\/\/czechiacontract.com\/cs\/wp-json\/wp\/v2\/pages"}],"about":[{"href":"https:\/\/czechiacontract.com\/cs\/wp-json\/wp\/v2\/types\/page"}],"author":[{"embeddable":true,"href":"https:\/\/czechiacontract.com\/cs\/wp-json\/wp\/v2\/users\/1"}],"replies":[{"embeddable":true,"href":"https:\/\/czechiacontract.com\/cs\/wp-json\/wp\/v2\/comments?post=1925"}],"version-history":[{"count":0,"href":"https:\/\/czechiacontract.com\/cs\/wp-json\/wp\/v2\/pages\/1925\/revisions"}],"wp:attachment":[{"href":"https:\/\/czechiacontract.com\/cs\/wp-json\/wp\/v2\/media?parent=1925"}],"curies":[{"name":"wp","href":"https:\/\/api.w.org\/{rel}","templated":true}]}}