{"id":13411,"date":"2016-03-17T16:58:17","date_gmt":"2016-03-17T15:58:17","guid":{"rendered":"http:\/\/democontent.codex-themes.com\/thegem-architecture\/?page_id=13411"},"modified":"2023-08-01T01:03:57","modified_gmt":"2023-07-31T23:03:57","slug":"kontakt","status":"publish","type":"page","link":"https:\/\/czechiacontract.com\/cs\/kontakt\/","title":{"rendered":"Kontakt"},"content":{"rendered":"<div class=\"wpb-content-wrapper\"><p>[vc_row full_width=&#8220;stretch_row_content&#8220; css=&#8220;.vc_custom_1564752928734{margin-bottom: 0px !important;}&#8220;][vc_column css=&#8220;.vc_custom_1564991576392{padding-right: 60px !important;padding-left: 60px !important;}&#8220;]<div class=\"clearboth\"><\/div><style>#thegem-divider-69d88061b14ce {margin-top: 55px !important;}<\/style><div id=\"thegem-divider-69d88061b14ce\" class=\"gem-divider  \" style=\"\" ><\/div>[\/vc_column][\/vc_row][vc_row css=&#8220;.vc_custom_1649065304987{margin-bottom: 0px !important;}&#8220;][vc_column width=&#8220;1\/3&#8243;][vc_column_text]<\/p>\n<div class=\"title-h5\">S\u00cdDLO<\/div>\n<p>Czechia Contract<br \/>\nLannova 2061\/8, 110 00 Praha<\/p>\n<p>I\u010c: 24714895<br \/>\nDIC: CZ24714895<\/p>\n<p>Spisov\u00e1 zna\u010dka:<br \/>\nH 154 veden\u00e1 u Krajsk\u00e9ho soudu v Brn\u011b[\/vc_column_text][\/vc_column][vc_column width=&#8220;2\/3&#8243; css=&#8220;.vc_custom_1458289843803{padding-right: 60px !important;padding-left: 60px !important;background-color: #f0f3f2 !important;}&#8220;][vc_row_inner][vc_column_inner offset=&#8220;vc_col-lg-4&#8243;][vc_column_text css=&#8220;.vc_custom_1564765289497{margin-top: -25px !important;}&#8220;]<\/p>\n<div class=\"title-h5\">Kancel\u00e1\u0159e<\/div>\n<p>[\/vc_column_text]<div class=\"clearboth\"><\/div><style>#thegem-divider-69d88061b1512 {margin-top: 35px !important;}<\/style><div id=\"thegem-divider-69d88061b1512\" class=\"gem-divider  \" style=\"\" ><\/div>[vc_column_text css=&#8220;.vc_custom_1564771673935{margin-top: -25px !important;}&#8220;]17 Listopadu 470\/11<br \/>\n690 02 B\u0159eclav<br \/>\n\u010cesk\u00e1 republika[\/vc_column_text][\/vc_column_inner][vc_column_inner offset=&#8220;vc_col-lg-4&#8243;][vc_column_text css=&#8220;.vc_custom_1564765298527{margin-top: -25px !important;}&#8220;]<\/p>\n<div class=\"title-h5\">Sklad Ladn\u00e1<\/div>\n<p>[\/vc_column_text]<div class=\"clearboth\"><\/div><style>#thegem-divider-69d88061b153a {margin-top: 35px !important;}<\/style><div id=\"thegem-divider-69d88061b153a\" class=\"gem-divider  \" style=\"\" ><\/div>[vc_column_text css=&#8220;.vc_custom_1564771689200{margin-top: -25px !important;}&#8220;]Masarykova 59\/15<br \/>\n691 46 Ladn\u00e1<br \/>\n\u010cesk\u00e1 republika[\/vc_column_text][\/vc_column_inner][vc_column_inner offset=&#8220;vc_col-lg-4&#8243;][vc_column_text css=&#8220;.vc_custom_1655457013935{margin-top: -25px !important;}&#8220;]<\/p>\n<div class=\"title-h5\">Kontakt<\/div>\n<p>[\/vc_column_text]<div class=\"clearboth\"><\/div><style>#thegem-divider-69d88061b155a {margin-top: 35px !important;}<\/style><div id=\"thegem-divider-69d88061b155a\" class=\"gem-divider  \" style=\"\" ><\/div>[vc_column_text css=&#8220;.vc_custom_1655331621993{margin-top: -25px !important;}&#8220;]info@czechiacontract.com<br \/>\n+420 720 420 720<br \/>\nwww.czechiacontract.com[\/vc_column_text][\/vc_column_inner][\/vc_row_inner]<div class=\"clearboth\"><\/div><style>#thegem-divider-69d88061b1578 {margin-top: 102px !important;}<\/style><div id=\"thegem-divider-69d88061b1578\" class=\"gem-divider  \" style=\"\" ><\/div>[\/vc_column][\/vc_row][vc_row full_width=&#8220;stretch_row_content&#8220; disable_element=&#8220;yes&#8220; css=&#8220;.vc_custom_1649064527039{margin-bottom: 0px !important;}&#8220;][vc_column width=&#8220;1\/3&#8243; css=&#8220;.vc_custom_1564991576392{padding-right: 60px !important;padding-left: 60px !important;}&#8220;]<div class=\"clearboth\"><\/div><style>#thegem-divider-69d88061b1594 {margin-top: 55px !important;}<\/style><div id=\"thegem-divider-69d88061b1594\" class=\"gem-divider  \" style=\"\" ><\/div>[vc_column_text]<strong>Faktura\u010dn\u00ed \u00fadaje<\/strong><\/p>\n<p>Czechia Contract<br \/>\nMasarykova 59\/15, 691 46 Ladn\u00e1<\/p>\n<p>I\u010c: 24714895<br \/>\nDIC: CZ24714895<\/p>\n<p>Spisov\u00e1 zna\u010dka:<br \/>\nH 154 veden\u00e1 u Krajsk\u00e9ho soudu v Brn\u011b[\/vc_column_text][\/vc_column][vc_column width=&#8220;2\/3&#8243; css=&#8220;.vc_custom_1458289843803{padding-right: 60px !important;padding-left: 60px !important;background-color: #f0f3f2 !important;}&#8220;]<div class=\"clearboth\"><\/div><style>#thegem-divider-69d88061b15ae {margin-top: 102px !important;}<\/style><div id=\"thegem-divider-69d88061b15ae\" class=\"gem-divider  \" style=\"\" ><\/div>[vc_row_inner][vc_column_inner offset=&#8220;vc_col-lg-4&#8243;][vc_column_text css=&#8220;.vc_custom_1564765289497{margin-top: -25px !important;}&#8220;]<\/p>\n<div class=\"title-h5\">Kancel\u00e1\u0159e<\/div>\n<p>[\/vc_column_text]<div class=\"clearboth\"><\/div><style>#thegem-divider-69d88061b15c8 {margin-top: 35px !important;}<\/style><div id=\"thegem-divider-69d88061b15c8\" class=\"gem-divider  \" style=\"\" ><\/div>[vc_column_text css=&#8220;.vc_custom_1564771673935{margin-top: -25px !important;}&#8220;]17 Listopadu 470\/11<br \/>\n690 02 B\u0159eclav<br \/>\n\u010cesk\u00e1 republika[\/vc_column_text][\/vc_column_inner][vc_column_inner offset=&#8220;vc_col-lg-4&#8243;][vc_column_text css=&#8220;.vc_custom_1564765265800{margin-top: -25px !important;}&#8220;]<\/p>\n<div class=\"title-h5\">Sklad Hodon\u00edn<\/div>\n<p>[\/vc_column_text]<div class=\"clearboth\"><\/div><style>#thegem-divider-69d88061b15e4 {margin-top: 35px !important;}<\/style><div id=\"thegem-divider-69d88061b15e4\" class=\"gem-divider  \" style=\"\" ><\/div>[vc_column_text css=&#8220;.vc_custom_1564771682005{margin-top: -25px !important;}&#8220;]Velkomoravsk\u00e1 81<br \/>\n695 01 Hodon\u00edn<br \/>\n\u010cesk\u00e1 republika[\/vc_column_text]<div class=\"clearboth\"><\/div><style>#thegem-divider-69d88061b15fd {margin-top: 55px !important;}<\/style><div id=\"thegem-divider-69d88061b15fd\" class=\"gem-divider  \" style=\"\" ><\/div>[vc_column_text css=&#8220;.vc_custom_1564765298527{margin-top: -25px !important;}&#8220;]<\/p>\n<div class=\"title-h5\">Sklad Ladn\u00e1<\/div>\n<p>[\/vc_column_text]<div class=\"clearboth\"><\/div><style>#thegem-divider-69d88061b1615 {margin-top: 35px !important;}<\/style><div id=\"thegem-divider-69d88061b1615\" class=\"gem-divider  \" style=\"\" ><\/div>[vc_column_text css=&#8220;.vc_custom_1564771689200{margin-top: -25px !important;}&#8220;]Masarykova 59\/15<br \/>\n691 46 Ladn\u00e1<br \/>\n\u010cesk\u00e1 republika[\/vc_column_text][\/vc_column_inner][vc_column_inner offset=&#8220;vc_col-lg-4&#8243;][vc_column_text css=&#8220;.vc_custom_1582646229620{margin-top: -25px !important;}&#8220;]<\/p>\n<div class=\"title-h5\">Obchodn\u00ed zastoupen\u00ed SK<\/div>\n<p>[\/vc_column_text]<div class=\"clearboth\"><\/div><style>#thegem-divider-69d88061b162e {margin-top: 35px !important;}<\/style><div id=\"thegem-divider-69d88061b162e\" class=\"gem-divider  \" style=\"\" ><\/div>[vc_column_text css=&#8220;.vc_custom_1582647337500{margin-top: -25px !important;}&#8220;]+421 918 192 970<\/p>\n<p>&nbsp;<\/p>\n<p>[\/vc_column_text]<div class=\"clearboth\"><\/div><style>#thegem-divider-69d88061b1647 {margin-top: 55px !important;}<\/style><div id=\"thegem-divider-69d88061b1647\" class=\"gem-divider  \" style=\"\" ><\/div>[vc_column_text css=&#8220;.vc_custom_1582646241963{margin-top: -25px !important;}&#8220;]<\/p>\n<div class=\"title-h5\">Obchodn\u00ed zastoupen\u00ed AT<\/div>\n<p>[\/vc_column_text]<div class=\"clearboth\"><\/div><style>#thegem-divider-69d88061b165e {margin-top: 35px !important;}<\/style><div id=\"thegem-divider-69d88061b165e\" class=\"gem-divider  \" style=\"\" ><\/div>[vc_column_text css=&#8220;.vc_custom_1582647365151{margin-top: -25px !important;}&#8220;]+436 605 888 006[\/vc_column_text][\/vc_column_inner][\/vc_row_inner]<div class=\"clearboth\"><\/div><style>#thegem-divider-69d88061b1676 {margin-top: 102px !important;}<\/style><div id=\"thegem-divider-69d88061b1676\" class=\"gem-divider  \" style=\"\" ><\/div>[\/vc_column][\/vc_row][vc_row full_width=&#8220;stretch_row_content&#8220; equal_height=&#8220;yes&#8220; disable_element=&#8220;yes&#8220; el_class=&#8220;.wpb_widgetised_column .line-1&#8243; css=&#8220;.vc_custom_1649064561361{margin-bottom: 0px !important;}&#8220;][vc_column css=&#8220;.vc_custom_1564774634518{padding-top: 200px !important;padding-bottom: 50px !important;padding-left: 60px !important;background-image: url(https:\/\/czechiacontract.com\/wp-content\/uploads\/2019\/08\/kontakt-01.jpg?id=30231) !important;background-position: center !important;background-repeat: no-repeat !important;background-size: cover !important;}&#8220; offset=&#8220;vc_col-lg-4 vc_col-md-4&#8243;][vc_column_text]<\/p>\n<div class=\"title-h4\"><span style=\"color: #ffffff;\">Veden\u00ed spole\u010dnosti<\/span><\/div>\n<p>[\/vc_column_text][vc_column_text]<span style=\"color: #fff;\">Eduard Drgonec<br \/>\n\u010clen p\u0159edstavenstva <\/span><\/p>\n<div class=\"gem-contacts-item gem-contacts-email\"><span style=\"color: #fff;\">ceo@czechiacontract.com<\/span><\/div>\n<p>[\/vc_column_text]<div class=\"clearboth\"><\/div><style>#thegem-divider-69d88061b168d {margin-top: 86px !important;}<\/style><div id=\"thegem-divider-69d88061b168d\" class=\"gem-divider  \" style=\"\" ><\/div>[\/vc_column][vc_column css=&#8220;.vc_custom_1564775837595{padding-top: 200px !important;padding-bottom: 50px !important;padding-left: 60px !important;background-image: url(https:\/\/czechiacontract.com\/wp-content\/uploads\/2019\/08\/kontakt-02-2.jpg?id=30244) !important;background-position: center !important;background-repeat: no-repeat !important;background-size: cover !important;}&#8220; offset=&#8220;vc_col-lg-4 vc_col-md-4&#8243;][vc_column_text]<\/p>\n<div class=\"title-h4\"><span style=\"color: #ffffff;\">Mana\u017eer spole\u010dnosti<\/span><\/div>\n<p>[\/vc_column_text][vc_column_text]<span style=\"color: #fff;\">Asama Hashmy<\/span><\/p>\n<div class=\"gem-contacts-item gem-contacts-phone\"><span style=\"color: #fff;\">+420 720 420 720 <\/span><\/div>\n<div class=\"gem-contacts-item gem-contacts-email\"><span style=\"color: #fff;\">offer@czechiacontract.com<\/span><\/div>\n<p>[\/vc_column_text]<div class=\"clearboth\"><\/div><style>#thegem-divider-69d88061b16a2 {margin-top: 76px !important;}<\/style><div id=\"thegem-divider-69d88061b16a2\" class=\"gem-divider  \" style=\"\" ><\/div>[\/vc_column][vc_column css=&#8220;.vc_custom_1564775847468{padding-top: 200px !important;padding-bottom: 50px !important;padding-left: 60px !important;background-image: url(https:\/\/czechiacontract.com\/wp-content\/uploads\/2019\/08\/kontakt-03-2.jpg?id=30246) !important;background-position: center !important;background-repeat: no-repeat !important;background-size: cover !important;}&#8220; offset=&#8220;vc_col-lg-4 vc_col-md-4&#8243;][vc_column_text]<\/p>\n<div class=\"title-h4\"><span style=\"color: #ffffff;\">Obchodn\u00ed odd\u011blen\u00ed<\/span><\/div>\n<p>[\/vc_column_text][vc_column_text]<span style=\"color: #fff;\">Ali Hashmy<br \/>\nSales Manager<\/span><\/p>\n<div class=\"gem-contacts-item gem-contacts-phone\"><span style=\"color: #fff;\">+420 773 173 307<\/span><\/div>\n<div class=\"gem-contacts-item gem-contacts-email\"><span style=\"color: #fff;\"><span style=\"color: #fff;\">Tuzemsko:<\/span> czech@czechiacontract.com<\/span><\/div>\n<div class=\"gem-contacts-item gem-contacts-email\"><span style=\"color: #fff;\"><span style=\"color: #fff;\">Zahrani\u010dn\u00ed obchod:<\/span> sales@czechiacontract.com<\/span><\/div>\n<p>[\/vc_column_text][\/vc_column][\/vc_row][vc_row full_width=&#8220;stretch_row_content&#8220; css=&#8220;.vc_custom_1458295921759{margin-bottom: 0px !important;background-image: url(https:\/\/czechiacontract.com\/wp-content\/uploads\/2016\/03\/2-22.jpg?id=13537) !important;background-position: center !important;background-repeat: no-repeat !important;background-size: cover !important;}&#8220;][vc_column el_class=&#8220;.wpb_widgetised_column .line-2&#8243; css=&#8220;.vc_custom_1458295477548{padding-left: 60px !important;}&#8220;]<div class=\"clearboth\"><\/div><style>#thegem-divider-69d88061b16b7 {margin-top: 100px !important;}<\/style><div id=\"thegem-divider-69d88061b16b7\" class=\"gem-divider  \" style=\"\" ><\/div>[vc_column_text]<\/p>\n<div class=\"title-h3\"><span style=\"color: #ffffff;\">Czechia Contract<\/span><\/div>\n<p>[\/vc_column_text]<div class=\"clearboth\"><\/div><style>#thegem-divider-69d88061b16ca {margin-top: 32px !important;}<\/style><div id=\"thegem-divider-69d88061b16ca\" class=\"gem-divider  \" style=\"\" ><\/div>[vc_column_text]<\/p>\n<div class=\"title-h6\"><span style=\"color: #ffffff;\">S\u00eddlo spole\u010dnosti<\/span><\/div>\n<p>[\/vc_column_text]<div class=\"clearboth\"><\/div><style>#thegem-divider-69d88061b16dd {margin-top: 35px !important;}<\/style><div id=\"thegem-divider-69d88061b16dd\" class=\"gem-divider  \" style=\"\" ><\/div>[vc_column_text]<\/p>\n<div class=\"gem-contacts-item gem-contacts-address\"><span style=\"color: #fff;\">Adresa:<\/span><\/div>\n<div class=\"gem-contacts-item\"><span style=\"color: #fff;\">Lannova 2061\/8<\/span><\/div>\n<div class=\"gem-contacts-item\"><span style=\"color: #fff;\">110 00 Praha<\/span><\/div>\n<div class=\"gem-contacts-item\"><span style=\"color: #fff;\">\u010cesk\u00e1 republika<\/span><\/div>\n<p>[\/vc_column_text]<div class=\"clearboth\"><\/div><style>#thegem-divider-69d88061b16ef {margin-top: 30px !important;}<\/style><div id=\"thegem-divider-69d88061b16ef\" class=\"gem-divider  \" style=\"\" ><\/div>[vc_column_text]<\/p>\n<div class=\"gem-contacts-item gem-contacts-phone\"><span style=\"color: #ffffff;\"> +420 720 420 720<\/span><\/div>\n<div class=\"gem-contacts-item gem-contacts-email\"><a href=\"mailto:info@czechiacontract.com\"><span style=\"color: #ffffff;\">info@czechiacontract.com<\/span><\/a><\/div>\n<div class=\"gem-contacts-item gem-contacts-website\"><a href=\"https:\/\/czechiacontract.com\/\"><span style=\"color: #ffffff;\">www.czechiacontract.com<\/span><\/a><\/div>\n<p>[\/vc_column_text]<div class=\"clearboth\"><\/div><style>#thegem-divider-69d88061b1702 {margin-top: 155px !important;}<\/style><div id=\"thegem-divider-69d88061b1702\" class=\"gem-divider  \" style=\"\" ><\/div>[\/vc_column][\/vc_row][vc_row full_width=&#8220;stretch_row_content&#8220; equal_height=&#8220;yes&#8220; css=&#8220;.vc_custom_1565256641007{margin-bottom: 0px !important;}&#8220;][vc_column width=&#8220;1\/3&#8243; css=&#8220;.vc_custom_1565267417509{padding-top: 30% !important;padding-right: 65px !important;padding-left: 65px !important;background-image: url(https:\/\/czechiacontract.com\/wp-content\/uploads\/2019\/08\/kontakty.jpg?id=30248) !important;background-position: center !important;background-repeat: no-repeat !important;background-size: cover !important;}&#8220;][vc_column_text]<\/p>\n<h3 style=\"text-align: center; color: #ffffff;\">Czechia Contract<\/h3>\n<div class=\"styled-biggertext\" style=\"text-align: center; color: #ffffff;\">Spole\u010dnost Czechia Contract pat\u0159\u00ed mezi ov\u011b\u0159en\u00e9 distributory evropsk\u00e9ho zbo\u017e\u00ed na trhy st\u0159edn\u00edho a bl\u00edzk\u00e9ho v\u00fdchodu. Nab\u00edz\u00ed tak\u00e9 poradenstv\u00ed a realizace navr\u017een\u00fdch strategi\u00ed v oblasti sni\u017eov\u00e1n\u00ed n\u00e1klad\u016f a rizik p\u0159i obchodov\u00e1n\u00ed.<\/div>\n<p>[\/vc_column_text][\/vc_column][vc_column width=&#8220;2\/3&#8243; css=&#8220;.vc_custom_1564992302312{padding-right: 65px !important;padding-left: 65px !important;background-color: #f0f3f2 !important;}&#8220;]<div class=\"clearboth\"><\/div><style>#thegem-divider-69d88061b1715 {margin-top: 50px !important;}<\/style><div id=\"thegem-divider-69d88061b1715\" class=\"gem-divider  \" style=\"\" ><\/div>[vc_column_text]<\/p>\n<div class=\"title-h2\">KONTAKTN\u00cd FORMUL\u00c1\u0158<\/div>\n<p>[\/vc_column_text]<div class=\"clearboth\"><\/div><style>#thegem-divider-69d88061b1725 {margin-top: 60px !important;}<\/style><div id=\"thegem-divider-69d88061b1725\" class=\"gem-divider  \" style=\"\" ><\/div>\n<div class=\"wpcf7 no-js\" id=\"wpcf7-f5-o1\" lang=\"cs-CZ\" dir=\"ltr\" data-wpcf7-id=\"5\">\n<div class=\"screen-reader-response\"><p role=\"status\" aria-live=\"polite\" aria-atomic=\"true\"><\/p> <ul><\/ul><\/div>\n<form action=\"\/cs\/wp-json\/wp\/v2\/pages\/13411#wpcf7-f5-o1\" method=\"post\" class=\"wpcf7-form init gem-contact-form-white\" aria-label=\"Kontaktn\u00ed formul\u00e1\u0159\" novalidate=\"novalidate\" data-status=\"init\">\n<div style=\"display: none;\">\n<input type=\"hidden\" name=\"_wpcf7\" value=\"5\" \/>\n<input type=\"hidden\" name=\"_wpcf7_version\" value=\"6.0.5\" \/>\n<input type=\"hidden\" name=\"_wpcf7_locale\" value=\"cs_CZ\" \/>\n<input type=\"hidden\" name=\"_wpcf7_unit_tag\" value=\"wpcf7-f5-o1\" \/>\n<input type=\"hidden\" name=\"_wpcf7_container_post\" value=\"0\" \/>\n<input type=\"hidden\" name=\"_wpcf7_posted_data_hash\" value=\"\" \/>\n<input type=\"hidden\" name=\"_wpcf7_recaptcha_response\" value=\"\" \/>\n<\/div>\n<div class=\"contact-form-style-3\">\n\n<p class=\"col-md-6 cf-style3-name\"><span class=\"wpcf7-form-control-wrap\" data-name=\"your-name\"><input size=\"40\" maxlength=\"400\" class=\"wpcf7-form-control wpcf7-text wpcf7-validates-as-required\" aria-required=\"true\" aria-invalid=\"false\" placeholder=\"Jm\u00e9no*\" value=\"\" type=\"text\" name=\"your-name\" \/><\/span><\/p>\n<p class=\"col-md-6 cf-style3-email\"><span class=\"wpcf7-form-control-wrap\" data-name=\"your-email\"><input size=\"40\" maxlength=\"400\" class=\"wpcf7-form-control wpcf7-email wpcf7-validates-as-required wpcf7-text wpcf7-validates-as-email\" aria-required=\"true\" aria-invalid=\"false\" placeholder=\"Email*\" value=\"\" type=\"email\" name=\"your-email\" \/><\/span><\/p>\n<p class=\"col-md-12 cf-style3-textarea\"><span class=\"wpcf7-form-control-wrap\" data-name=\"your-message\"><textarea cols=\"40\" rows=\"4\" maxlength=\"2000\" class=\"wpcf7-form-control wpcf7-textarea\" aria-invalid=\"false\" placeholder=\"Va\u0161e zpr\u00e1va ...\" name=\"your-message\"><\/textarea><\/span><\/p>\n<p class=\"col-md-12\" ><style type=\"text\/css\">.thegem-button-69d88061b211f6482 .gem-button svg {fill: #FFFFFFFF;}.thegem-button-69d88061b211f6482 .gem-button:hover svg {fill: #FFFFFFFF;}<\/style><div class=\"gem-button-container gem-button-position-fullwidth thegem-button-69d88061b211f6482\"  ><input class=\"gem-button gem-button-size-small gem-button-style-flat gem-button-text-weight-normal wpcf7-form-control wpcf7-submit has-spinner gem-button-wpcf-custom\" data-ll-effect=\"drop-right-without-wrap\" style=\"border-radius: 2px;background-color: #191919FF;color: #FFFFFFFF;\" onmouseleave=\"this.style.backgroundColor='#191919FF';this.style.color='#FFFFFFFF';\" onmouseenter=\"this.style.backgroundColor='#1C3D76FF';this.style.color='#FFFFFFFF';\" id=\"\" tabindex=\"\" type=\"submit\" value=\"Odeslat\" \/><\/div>\n<\/div><div class=\"wpcf7-response-output\" aria-hidden=\"true\"><\/div>\n<\/form>\n<\/div>\n[\/vc_column][\/vc_row]<\/p>\n<\/div>","protected":false},"excerpt":{"rendered":"<p>[vc_row full_width=&#8220;stretch_row_content&#8220; css=&#8220;.vc_custom_1564752928734{margin-bottom: 0px !important;}&#8220;][vc_column css=&#8220;.vc_custom_1564991576392{padding-right: 60px !important;padding-left: 60px !important;}&#8220;][\/vc_column][\/vc_row][vc_row&#8230;<\/p>\n","protected":false},"author":1,"featured_media":0,"parent":0,"menu_order":15,"comment_status":"closed","ping_status":"closed","template":"","meta":{"passster_activate_protection":null,"passster_protect_child_pages":"","passster_protection_type":"password","passster_password":"","passster_activate_overwrite_defaults":"","passster_headline":"","passster_instruction":"","passster_placeholder":"","passster_button":"","passster_id":"","passster_activate_misc_settings":"","passster_redirect_url":"","passster_hide":"no","passster_area_shortcode":"","footnotes":""},"class_list":["post-13411","page","type-page","status-publish"],"_links":{"self":[{"href":"https:\/\/czechiacontract.com\/cs\/wp-json\/wp\/v2\/pages\/13411","targetHints":{"allow":["GET"]}}],"collection":[{"href":"https:\/\/czechiacontract.com\/cs\/wp-json\/wp\/v2\/pages"}],"about":[{"href":"https:\/\/czechiacontract.com\/cs\/wp-json\/wp\/v2\/types\/page"}],"author":[{"embeddable":true,"href":"https:\/\/czechiacontract.com\/cs\/wp-json\/wp\/v2\/users\/1"}],"replies":[{"embeddable":true,"href":"https:\/\/czechiacontract.com\/cs\/wp-json\/wp\/v2\/comments?post=13411"}],"version-history":[{"count":0,"href":"https:\/\/czechiacontract.com\/cs\/wp-json\/wp\/v2\/pages\/13411\/revisions"}],"wp:attachment":[{"href":"https:\/\/czechiacontract.com\/cs\/wp-json\/wp\/v2\/media?parent=13411"}],"curies":[{"name":"wp","href":"https:\/\/api.w.org\/{rel}","templated":true}]}}